{"id":37,"date":"2024-02-09T17:29:57","date_gmt":"2024-02-09T17:29:57","guid":{"rendered":"https:\/\/fasthost.biz\/?page_id=37"},"modified":"2024-09-24T14:31:43","modified_gmt":"2024-09-24T14:31:43","slug":"privacy-policy","status":"publish","type":"page","link":"https:\/\/fasthost.biz\/en\/privacy-policy\/","title":{"rendered":"Privacy policy"},"content":{"rendered":"<div data-elementor-type=\"wp-page\" data-elementor-id=\"37\" class=\"elementor elementor-37\" data-elementor-post-type=\"page\">\n\t\t\t\t\t\t<section class=\"elementor-section elementor-top-section elementor-element elementor-element-357e246d elementor-section-height-min-height elementor-section-boxed elementor-section-height-default elementor-section-items-middle\" data-id=\"357e246d\" data-element_type=\"section\" data-e-type=\"section\" data-settings=\"{&quot;background_background&quot;:&quot;classic&quot;}\">\n\t\t\t\t\t\t\t<div class=\"elementor-background-overlay\"><\/div>\n\t\t\t\t\t\t\t<div class=\"elementor-container elementor-column-gap-wider\">\n\t\t\t\t\t<div class=\"elementor-column elementor-col-100 elementor-top-column elementor-element elementor-element-22f0b383\" data-id=\"22f0b383\" data-element_type=\"column\" data-e-type=\"column\">\n\t\t\t<div class=\"elementor-widget-wrap elementor-element-populated\">\n\t\t\t\t\t\t<div class=\"elementor-element elementor-element-3cf1e9cc elementor-invisible elementor-widget elementor-widget-heading\" data-id=\"3cf1e9cc\" data-element_type=\"widget\" data-e-type=\"widget\" data-settings=\"{&quot;_animation&quot;:&quot;fadeInDown&quot;}\" data-widget_type=\"heading.default\">\n\t\t\t\t<div class=\"elementor-widget-container\">\n\t\t\t\t\t<h1 class=\"elementor-heading-title elementor-size-default\">Privacy policy<\/h1>\t\t\t\t<\/div>\n\t\t\t\t<\/div>\n\t\t\t\t\t<\/div>\n\t\t<\/div>\n\t\t\t\t\t<\/div>\n\t\t<\/section>\n\t\t\t\t<section class=\"elementor-section elementor-top-section elementor-element elementor-element-159ae84a elementor-section-boxed elementor-section-height-default elementor-section-height-default\" data-id=\"159ae84a\" data-element_type=\"section\" data-e-type=\"section\" data-settings=\"{&quot;background_background&quot;:&quot;classic&quot;}\">\n\t\t\t\t\t\t<div class=\"elementor-container elementor-column-gap-default\">\n\t\t\t\t\t<div class=\"elementor-column elementor-col-100 elementor-top-column elementor-element elementor-element-1c4153a\" data-id=\"1c4153a\" data-element_type=\"column\" data-e-type=\"column\">\n\t\t\t<div class=\"elementor-widget-wrap elementor-element-populated\">\n\t\t\t\t\t\t<div class=\"elementor-element elementor-element-7f1e0c7 elementor-invisible elementor-widget elementor-widget-text-editor\" data-id=\"7f1e0c7\" data-element_type=\"widget\" data-e-type=\"widget\" data-settings=\"{&quot;_animation&quot;:&quot;fadeInDown&quot;}\" data-widget_type=\"text-editor.default\">\n\t\t\t\t<div class=\"elementor-widget-container\">\n\t\t\t\t\t\t\t\t\t<p><strong><u>Last update: <\/u><\/strong><strong><u>February 8th, 2024.<\/u><\/strong><\/p>\t\t\t\t\t\t\t\t<\/div>\n\t\t\t\t<\/div>\n\t\t\t\t<div class=\"elementor-element elementor-element-736f08a elementor-invisible elementor-widget elementor-widget-text-editor\" data-id=\"736f08a\" data-element_type=\"widget\" data-e-type=\"widget\" data-settings=\"{&quot;_animation&quot;:&quot;fadeInDown&quot;}\" data-widget_type=\"text-editor.default\">\n\t\t\t\t<div class=\"elementor-widget-container\">\n\t\t\t\t\t\t\t\t\t<p>Fast Host Services informs its users and customers that the personal data that have been provided through our website or various means of communication, will be treated confidentially.<\/p><p>The personal data will be useful to meet your requests for support, management and service delivery, as well as sending commercial communications of interest.<\/p><p>Users will be solely responsible for any damage or harm, direct or indirect, that may be caused to Fast Host Services or third parties, caused by providing false, inaccurate, outdated and\/or incomplete data.<\/p><p>Fast Host Services guarantees its users the privacy of their personal data, which under no circumstances will be disclosed to third parties or companies.<\/p><p>When you browse our website or websites related to the company, cookies will be generated that are necessary for the operation of web applications and statistical analysis of visits to our portals. In any case, the information obtained will be anonymous, with the exception of those that are intended to keep the user and password to facilitate navigation between our control panels.<\/p><p>The services of statistical analysis of visits are provided by agencies external to Fast Host Services. The data sent to these agencies is anonymous and does not contain any personal or binding information about you or your company.<\/p><p>At Fast Host Services we have a deep respect for your data and privacy. Your information is safe with us.<\/p><p><em><strong>VALIDATION OF PRIVATE DATA PROTECTION <\/strong><\/em><\/p><p>While we at Fast Host Services use software that has the potential to store certain information about our users, it is important to always keep in mind that the company complies with each of the amendments of the new data protection law.<\/p><p><em><strong>RIGHT TO BE INFORMED<\/strong><\/em><\/p><p>In Fast Host Services before hiring any service you must read and accept the Terms and Conditions of Service, so that whoever is going to hire (the client), may be aware of the forms, procedures, obligations, responsibilities and conditions that involve hiring our services.<\/p><p><em><strong>RIGHT TO ACCESS INFORMATION<\/strong><\/em><\/p><p>Each client has the right to access the personal data that is hosted on our platform. From there they will be able to modify and rectify any personal data entered (including name, telephone, address, postal code, email, among others) initially in our platform at the moment of contracting the services.<\/p><p><strong><em>RIGHT TO DELETE INFORMATION<\/em><\/strong><\/p><p>You can always request to delete your profile information in any of our systems and servers. You only have to notify us and our staff will gladly delete all data related to your account, ticket history, billing and contracted services.<\/p><p><strong><em>RIGHT TO PORTABILITY<\/em><\/strong><\/p><p>Users may request a copy of their personal data stored on our servers in a format compatible with reading from a digital media. Once the request is made, our staff will be able to send the requested data to the account holder.<\/p><p><em><strong>DATA SECURITY<\/strong><\/em><\/p><p>All our communications are encrypted with security certificates that guarantee efficient encryption from the web client to the web server and vice versa.<\/p><p><em><strong>CONTACT US<\/strong><\/em><\/p><p>Direcci\u00f3n: Panam\u00e1, Ciudad de Panam\u00e1, Calle 51 E, Corregimiento de Bella Vista en el edificio Habitad Plaza Piso 5 oficina 500-3\u00aa.<\/p><p>E-mail:<a class=\"v1external-link\" href=\"mailto:customer_support@fasthost.biz\" rel=\"noreferrer\"> customer_support@fasthost.biz<\/a><\/p><p>Phone: <a class=\"c-link\" href=\"tel:+5072018929\" target=\"_blank\" rel=\"noopener noreferrer\" data-stringify-link=\"tel:+5072018929\" data-sk=\"tooltip_parent\">+507 201-8929<\/a>\u00a0\/\u00a0<a class=\"c-link\" href=\"tel:+18882277698\" target=\"_blank\" rel=\"noopener noreferrer\" data-stringify-link=\"tel:+18883160716\" data-sk=\"tooltip_parent\">+1 888 227 7698<\/a><\/p>\t\t\t\t\t\t\t\t<\/div>\n\t\t\t\t<\/div>\n\t\t\t\t\t<\/div>\n\t\t<\/div>\n\t\t\t\t\t<\/div>\n\t\t<\/section>\n\t\t\t\t<\/div>","protected":false},"excerpt":{"rendered":"<p>\/*! elementor &#8211; v3.19.0 &#8211; 07-02-2024 *\/ .elementor-heading-title{padding:0;margin:0;line-height:1}.elementor-widget-heading .elementor-heading-title[class*=elementor-size-]&gt;a{color:inherit;font-size:inherit;line-height:inherit}.elementor-widget-heading .elementor-heading-title.elementor-size-small{font-size:15px}.elementor-widget-heading .elementor-heading-title.elementor-size-medium{font-size:19px}.elementor-widget-heading .elementor-heading-title.elementor-size-large{font-size:29px}.elementor-widget-heading .elementor-heading-title.elementor-size-xl{font-size:39px}.elementor-widget-heading .elementor-heading-title.elementor-size-xxl{font-size:59px} Pol\u00edtica de privacidad \u00daltima actualizaci\u00f3n: 8 de febrero del 2024. Fast Host Services le informa a sus usuarios y clientes que los datos personales que hayan sido suministrados a trav\u00e9s de nuestro sitio web o distintas v\u00edas de comunicaci\u00f3n, ser\u00e1n tratados [&hellip;]<\/p>\n","protected":false},"author":6,"featured_media":0,"parent":0,"menu_order":0,"comment_status":"closed","ping_status":"closed","template":"","meta":{"footnotes":""},"class_list":["post-37","page","type-page","status-publish","hentry"],"_links":{"self":[{"href":"https:\/\/fasthost.biz\/en\/wp-json\/wp\/v2\/pages\/37","targetHints":{"allow":["GET"]}}],"collection":[{"href":"https:\/\/fasthost.biz\/en\/wp-json\/wp\/v2\/pages"}],"about":[{"href":"https:\/\/fasthost.biz\/en\/wp-json\/wp\/v2\/types\/page"}],"author":[{"embeddable":true,"href":"https:\/\/fasthost.biz\/en\/wp-json\/wp\/v2\/users\/6"}],"replies":[{"embeddable":true,"href":"https:\/\/fasthost.biz\/en\/wp-json\/wp\/v2\/comments?post=37"}],"version-history":[{"count":37,"href":"https:\/\/fasthost.biz\/en\/wp-json\/wp\/v2\/pages\/37\/revisions"}],"predecessor-version":[{"id":888,"href":"https:\/\/fasthost.biz\/en\/wp-json\/wp\/v2\/pages\/37\/revisions\/888"}],"wp:attachment":[{"href":"https:\/\/fasthost.biz\/en\/wp-json\/wp\/v2\/media?parent=37"}],"curies":[{"name":"wp","href":"https:\/\/api.w.org\/{rel}","templated":true}]}}