{"id":1221,"date":"2026-04-23T18:54:59","date_gmt":"2026-04-23T18:54:59","guid":{"rendered":"https:\/\/fasthost.biz\/?page_id=1221"},"modified":"2026-04-23T19:29:36","modified_gmt":"2026-04-23T19:29:36","slug":"cookie-policy","status":"publish","type":"page","link":"https:\/\/fasthost.biz\/en\/politica-de-cookies\/","title":{"rendered":"Cookie Policy"},"content":{"rendered":"<div data-elementor-type=\"wp-page\" data-elementor-id=\"1221\" class=\"elementor elementor-1221\" data-elementor-post-type=\"page\">\n\t\t\t\t\t\t<section class=\"elementor-section elementor-top-section elementor-element elementor-element-357e246d elementor-section-height-min-height elementor-section-boxed elementor-section-height-default elementor-section-items-middle\" data-id=\"357e246d\" data-element_type=\"section\" data-e-type=\"section\" data-settings=\"{&quot;background_background&quot;:&quot;classic&quot;}\">\n\t\t\t\t\t\t\t<div class=\"elementor-background-overlay\"><\/div>\n\t\t\t\t\t\t\t<div class=\"elementor-container elementor-column-gap-wider\">\n\t\t\t\t\t<div class=\"elementor-column elementor-col-100 elementor-top-column elementor-element elementor-element-22f0b383\" data-id=\"22f0b383\" data-element_type=\"column\" data-e-type=\"column\">\n\t\t\t<div class=\"elementor-widget-wrap elementor-element-populated\">\n\t\t\t\t\t\t<div class=\"elementor-element elementor-element-3cf1e9cc elementor-invisible elementor-widget elementor-widget-heading\" data-id=\"3cf1e9cc\" data-element_type=\"widget\" data-e-type=\"widget\" data-settings=\"{&quot;_animation&quot;:&quot;fadeInDown&quot;}\" data-widget_type=\"heading.default\">\n\t\t\t\t<div class=\"elementor-widget-container\">\n\t\t\t\t\t<h1 class=\"elementor-heading-title elementor-size-default\">Cookie Policy<\/h1>\t\t\t\t<\/div>\n\t\t\t\t<\/div>\n\t\t\t\t\t<\/div>\n\t\t<\/div>\n\t\t\t\t\t<\/div>\n\t\t<\/section>\n\t\t\t\t<section class=\"elementor-section elementor-top-section elementor-element elementor-element-159ae84a elementor-section-boxed elementor-section-height-default elementor-section-height-default\" data-id=\"159ae84a\" data-element_type=\"section\" data-e-type=\"section\" data-settings=\"{&quot;background_background&quot;:&quot;classic&quot;}\">\n\t\t\t\t\t\t<div class=\"elementor-container elementor-column-gap-default\">\n\t\t\t\t\t<div class=\"elementor-column elementor-col-100 elementor-top-column elementor-element elementor-element-1c4153a\" data-id=\"1c4153a\" data-element_type=\"column\" data-e-type=\"column\">\n\t\t\t<div class=\"elementor-widget-wrap elementor-element-populated\">\n\t\t\t\t\t\t<div class=\"elementor-element elementor-element-7f1e0c7 elementor-invisible elementor-widget elementor-widget-text-editor\" data-id=\"7f1e0c7\" data-element_type=\"widget\" data-e-type=\"widget\" data-settings=\"{&quot;_animation&quot;:&quot;fadeInDown&quot;}\" data-widget_type=\"text-editor.default\">\n\t\t\t\t<div class=\"elementor-widget-container\">\n\t\t\t\t\t\t\t\t\t<p><strong><u>Last update: <\/u><\/strong><strong><u>April 1, 2026.<\/u><\/strong><\/p>\t\t\t\t\t\t\t\t<\/div>\n\t\t\t\t<\/div>\n\t\t\t\t<div class=\"elementor-element elementor-element-736f08a elementor-invisible elementor-widget elementor-widget-text-editor\" data-id=\"736f08a\" data-element_type=\"widget\" data-e-type=\"widget\" data-settings=\"{&quot;_animation&quot;:&quot;fadeInDown&quot;}\" data-widget_type=\"text-editor.default\">\n\t\t\t\t<div class=\"elementor-widget-container\">\n\t\t\t\t\t\t\t\t\t<p>\u00a0<\/p><p><strong>What are cookies?<\/strong><\/p><p>In <strong>Fast Host Services<\/strong>, we use cookies and similar technologies to improve our users' browsing experience and ensure the proper functioning of our website.<\/p><p>Cookies are small text files that are stored on your device when you visit a website. These allow websites to remember information about your visit, such as browsing preferences or active sessions.<\/p><p>\u00a0<\/p><p><strong>Why do we use cookies?<\/strong><\/p><p>We use cookies to:<\/p><ul><li>Ensure the proper functioning of the website<\/li><li>Make navigating between pages easier<\/li><li>Maintain active sessions on our systems<\/li><li>Improve site performance<\/li><li>Analyze website usage<\/li><li>Offer a personalized experience<\/li><\/ul><p>The use of cookies allows us to optimize our services and continuously improve the user experience.<\/p><p>\u00a0<\/p><p><strong>Types of cookies we use<\/strong><\/p><ol><li><strong> Essential cookies<\/strong><\/li><\/ol><p>These cookies are essential for the basic functioning of the website and cannot be disabled in our systems.<\/p><p>They allow:<\/p><ul><li>Secure access to private areas<\/li><li>Using forms<\/li><li>User Authentication<\/li><li>Site safety<\/li><\/ul><p>Without these cookies, some site functions would not be able to operate correctly.<\/p><p>\u00a0<\/p><ol start=\"2\"><li><strong> Performance and analytics cookies<\/strong><\/li><\/ol><p>These cookies allow us to collect information about how users interact with our website.<\/p><p>They are used for:<\/p><ul><li>Analyze site visits<\/li><li>Identify most visited pages<\/li><li>Detect potential errors<\/li><li>Improve site performance<\/li><\/ul><p>The information collected is anonymous and does not directly identify the user.<\/p><p>Common examples:<\/p><ul><li>Google Analytics<\/li><li>Web analytics tools<\/li><\/ul><p>(If you use Google Analytics, we can specify it later).<\/p><p>\u00a0<\/p><ol start=\"3\"><li><strong> Functional cookies<\/strong><\/li><\/ol><p>These cookies allow us to remember user preferences and improve the browsing experience.<\/p><p>They allow:<\/p><ul><li>Remember language<\/li><li>Save settings<\/li><li>Keep personalized preferences<\/li><\/ul><p>\u00a0<\/p><ol start=\"4\"><li><strong> Third-party cookies<\/strong><\/li><\/ol><p>In some cases, we may use services provided by third parties that use cookies to analyze site behavior or improve functionality.<\/p><p>These third parties may include:<\/p><ul><li>Web analytics providers<\/li><li>Technology platforms<\/li><li>Security tools<\/li><\/ul><p>Each third-party provider has its own privacy policies.<\/p><p>\u00a0<\/p><p><strong>How can you control cookies?<\/strong><\/p><p>You can accept, block, or delete cookies by configuring your web browser.<\/p><p>Each browser offers options for managing cookies. Below, you can consult the help for the most common browsers:<\/p><ul><li>Google Chrome<\/li><li>Mozilla Firefox<\/li><li>Microsoft Edge<\/li><li>Safari<\/li><\/ul><p>Please note that disabling some cookies may affect the website's functionality.<\/p><p>\u00a0<\/p><p><strong>Cookie consent<\/strong><\/p><p>By accessing and continuing to browse our website, you accept the use of cookies in accordance with this Cookie Policy.<\/p><p>When required by applicable regulations, a notice or banner will be displayed requesting your consent for the use of cookies.<\/p><p>\u00a0<\/p><p><strong>Cookies Policy Updates<\/strong><\/p><p>Fast Host Services reserves the right to modify this Cookie Policy at any time to adapt it to legal or technical changes.<\/p><p>It is recommended to review this page periodically to stay informed about potential updates.<\/p><p>\u00a0<\/p><p><strong>Contact<\/strong><\/p><p>If you have questions about the use of cookies on our website, you can contact us via:<\/p><p><strong>Fast Host Services<\/strong><\/p><p>Address: Panama, Panama City, Calle 51 E, Bella Vista Township, Habitad Plaza Building, 5th Floor, Office 500-3A.<\/p><p>Email: customer_support@fasthost.biz<\/p><p>Phone: +507 201-8929<br \/><br \/><\/p>\t\t\t\t\t\t\t\t<\/div>\n\t\t\t\t<\/div>\n\t\t\t\t\t<\/div>\n\t\t<\/div>\n\t\t\t\t\t<\/div>\n\t\t<\/section>\n\t\t\t\t<\/div>","protected":false},"excerpt":{"rendered":"<p>Pol\u00edtica de Cookies \u00daltima actualizaci\u00f3n: 1 de abril del 2026. \u00a0 \u00bfQu\u00e9 son las cookies? En Fast Host Services, utilizamos cookies y tecnolog\u00edas similares para mejorar la experiencia de navegaci\u00f3n de nuestros usuarios y garantizar el correcto funcionamiento de nuestro sitio web. Las cookies son peque\u00f1os archivos de texto que se almacenan en tu dispositivo [&hellip;]<\/p>\n","protected":false},"author":3,"featured_media":0,"parent":0,"menu_order":0,"comment_status":"closed","ping_status":"closed","template":"","meta":{"footnotes":""},"class_list":["post-1221","page","type-page","status-publish","hentry"],"_links":{"self":[{"href":"https:\/\/fasthost.biz\/en\/wp-json\/wp\/v2\/pages\/1221","targetHints":{"allow":["GET"]}}],"collection":[{"href":"https:\/\/fasthost.biz\/en\/wp-json\/wp\/v2\/pages"}],"about":[{"href":"https:\/\/fasthost.biz\/en\/wp-json\/wp\/v2\/types\/page"}],"author":[{"embeddable":true,"href":"https:\/\/fasthost.biz\/en\/wp-json\/wp\/v2\/users\/3"}],"replies":[{"embeddable":true,"href":"https:\/\/fasthost.biz\/en\/wp-json\/wp\/v2\/comments?post=1221"}],"version-history":[{"count":7,"href":"https:\/\/fasthost.biz\/en\/wp-json\/wp\/v2\/pages\/1221\/revisions"}],"predecessor-version":[{"id":1235,"href":"https:\/\/fasthost.biz\/en\/wp-json\/wp\/v2\/pages\/1221\/revisions\/1235"}],"wp:attachment":[{"href":"https:\/\/fasthost.biz\/en\/wp-json\/wp\/v2\/media?parent=1221"}],"curies":[{"name":"wp","href":"https:\/\/api.w.org\/{rel}","templated":true}]}}