{"id":1214,"date":"2026-04-23T18:12:26","date_gmt":"2026-04-23T18:12:26","guid":{"rendered":"https:\/\/fasthost.biz\/?page_id=1214"},"modified":"2026-04-23T19:34:31","modified_gmt":"2026-04-23T19:34:31","slug":"terms-and-conditions","status":"publish","type":"page","link":"https:\/\/fasthost.biz\/en\/terminos-condiciones\/","title":{"rendered":"T\u00e9rminos &amp; Condiciones"},"content":{"rendered":"<div data-elementor-type=\"wp-page\" data-elementor-id=\"1214\" class=\"elementor elementor-1214\" data-elementor-post-type=\"page\">\n\t\t\t\t\t\t<section class=\"elementor-section elementor-top-section elementor-element elementor-element-357e246d elementor-section-height-min-height elementor-section-boxed elementor-section-height-default elementor-section-items-middle\" data-id=\"357e246d\" data-element_type=\"section\" data-e-type=\"section\" data-settings=\"{&quot;background_background&quot;:&quot;classic&quot;}\">\n\t\t\t\t\t\t\t<div class=\"elementor-background-overlay\"><\/div>\n\t\t\t\t\t\t\t<div class=\"elementor-container elementor-column-gap-wider\">\n\t\t\t\t\t<div class=\"elementor-column elementor-col-100 elementor-top-column elementor-element elementor-element-22f0b383\" data-id=\"22f0b383\" data-element_type=\"column\" data-e-type=\"column\">\n\t\t\t<div class=\"elementor-widget-wrap elementor-element-populated\">\n\t\t\t\t\t\t<div class=\"elementor-element elementor-element-3cf1e9cc elementor-invisible elementor-widget elementor-widget-heading\" data-id=\"3cf1e9cc\" data-element_type=\"widget\" data-e-type=\"widget\" data-settings=\"{&quot;_animation&quot;:&quot;fadeInDown&quot;}\" data-widget_type=\"heading.default\">\n\t\t\t\t<div class=\"elementor-widget-container\">\n\t\t\t\t\t<h1 class=\"elementor-heading-title elementor-size-default\">Terms and Conditions<\/h1>\t\t\t\t<\/div>\n\t\t\t\t<\/div>\n\t\t\t\t\t<\/div>\n\t\t<\/div>\n\t\t\t\t\t<\/div>\n\t\t<\/section>\n\t\t\t\t<section class=\"elementor-section elementor-top-section elementor-element elementor-element-159ae84a elementor-section-boxed elementor-section-height-default elementor-section-height-default\" data-id=\"159ae84a\" data-element_type=\"section\" data-e-type=\"section\" data-settings=\"{&quot;background_background&quot;:&quot;classic&quot;}\">\n\t\t\t\t\t\t<div class=\"elementor-container elementor-column-gap-default\">\n\t\t\t\t\t<div class=\"elementor-column elementor-col-100 elementor-top-column elementor-element elementor-element-1c4153a\" data-id=\"1c4153a\" data-element_type=\"column\" data-e-type=\"column\">\n\t\t\t<div class=\"elementor-widget-wrap elementor-element-populated\">\n\t\t\t\t\t\t<div class=\"elementor-element elementor-element-7f1e0c7 elementor-invisible elementor-widget elementor-widget-text-editor\" data-id=\"7f1e0c7\" data-element_type=\"widget\" data-e-type=\"widget\" data-settings=\"{&quot;_animation&quot;:&quot;fadeInDown&quot;}\" data-widget_type=\"text-editor.default\">\n\t\t\t\t<div class=\"elementor-widget-container\">\n\t\t\t\t\t\t\t\t\t<p><strong><u>Last update: <\/u><\/strong><strong><u>April 1, 2026.<\/u><\/strong><\/p>\t\t\t\t\t\t\t\t<\/div>\n\t\t\t\t<\/div>\n\t\t\t\t<div class=\"elementor-element elementor-element-736f08a elementor-invisible elementor-widget elementor-widget-text-editor\" data-id=\"736f08a\" data-element_type=\"widget\" data-e-type=\"widget\" data-settings=\"{&quot;_animation&quot;:&quot;fadeInDown&quot;}\" data-widget_type=\"text-editor.default\">\n\t\t\t\t<div class=\"elementor-widget-container\">\n\t\t\t\t\t\t\t\t\t<p><strong>Acceptance of Terms<\/strong><\/p><p>By hiring or using the services offered by Fast Host Services, the client accepts these Terms and Conditions, as well as the policies related to the use of the technological services offered.<\/p><p>Continued use of our services implies full acceptance of these terms and conditions.<\/p><p>\u00a0<\/p><p><strong>Services Offered<\/strong><\/p><p>Fast Host Services offers technology solutions that may include, but are not limited to:<\/p><ul><li>Web hosting services<\/li><li>Domain Registration and Management<\/li><li>Cloud services<\/li><li>Software development and digital solutions<\/li><li>Data Processing and Management<\/li><li>IT Infrastructure Consulting and Management<\/li><li>Advanced technological solutions<\/li><li>Technical support and technological maintenance<\/li><\/ul><p>Services will be provided according to the specific conditions agreed upon with each client.<\/p><p>\u00a0<\/p><p><strong>Customer Registration and Responsibility<\/strong><\/p><p>The client commits to:<\/p><ul><li>Provide truthful, complete, and up-to-date information<\/li><li>Keep your credentials confidential<\/li><li>Notify any unauthorized use of your account<\/li><li>Use services legally and responsibly<\/li><\/ul><p>The client will be responsible for all activity conducted from their account.<\/p><p>\u00a0<\/p><p><strong>Acceptable Use of Services<\/strong><\/p><p>It is strictly prohibited to use our services for:<\/p><ul><li>Illegal activities<\/li><li>Malware or malicious software distribution<\/li><li>Mass unsolicited email (spam)<\/li><li>Distribution of fraudulent content<\/li><li>Copyright infringement<\/li><li>Unauthorized access to systems<\/li><\/ul><p>Fast Host Services reserves the right to suspend services that violate these rules.<\/p><p>\u00a0<\/p><p><strong>Service Availability<\/strong><\/p><p>Fast Host Services is committed to offering services with high levels of availability and performance.<\/p><p>However, service may be affected by:<\/p><ul><li>Scheduled Maintenance<\/li><li>Unforeseen technical failures<\/li><li>External factors beyond our control<\/li><li>Global connectivity issues<\/li><\/ul><p>Customers will be notified when scheduled maintenance is performed.<\/p><p>\u00a0<\/p><p><strong>Payments and Billing<\/strong><\/p><p>The contracted services will be subject to previously established rates.<\/p><p>The client commits to:<\/p><ul><li>Make payments within the established deadlines.<\/li><li>Keep your payment methods up to date<\/li><li>Meet the agreed-upon financial conditions<\/li><\/ul><p>Failure to pay may result in:<\/p><ul><li>Temporary service suspension<\/li><li>Service Cancellation<\/li><li>Data deletion according to current policies<\/li><\/ul><p>\u00a0<\/p><p><strong>Cancellation of Services<\/strong><\/p><p>The client may request the cancellation of services at any time, in accordance with the conditions established in each contract.<\/p><p>Fast Host Services may suspend or cancel services when:<\/p><ul><li>There is a breach of contract.<\/li><li>Improper activities detected<\/li><li>Terms of use are violated<\/li><\/ul><p>\u00a0<\/p><p><strong>Data Protection<\/strong><\/p><p>Fast Host Services protects its users' personal information in accordance with current data protection legislation.<\/p><p>The processing of personal data is governed by the Privacy Policy published on the website.<\/p><p>\u00a0<\/p><p><strong>Data Backup and Responsibility<\/strong><\/p><p>The client is responsible for maintaining backups of their information.<\/p><p>Although Fast Host Services may offer backup services, full data recovery is not guaranteed in all cases.<\/p><p>It is recommended to perform periodic backups.<\/p><p>\u00a0<\/p><p><strong>Intellectual Property<\/strong><\/p><p>All content developed by Fast Host Services will remain the intellectual property of the company until otherwise agreed upon by contract.<\/p><p>The client guarantees that they own the rights to the content they host on our services.<\/p><p>\u00a0<\/p><p><strong>Disclaimer<\/strong><\/p><p>Fast Host Services will not be liable for:<\/p><ul><li>Indirect loss of income<\/li><li>Damages arising from the misuse of the service<\/li><li>Interruptions caused by external factors<\/li><li>Cyber attacks beyond reasonable control<\/li><\/ul><p>The responsibility will be limited to the value of the contracted service.<\/p><p>\u00a0<\/p><p><strong>Services Modifications<\/strong><\/p><p>Fast Host Services reserves the right to:<\/p><ul><li>Modify service features<\/li><li>Update technologies used<\/li><li>Change prices with prior notice<\/li><\/ul><p>Customers will be informed in a timely manner.<\/p><p>\u00a0<\/p><p><strong>Technical Support<\/strong><\/p><p>Technical support will be provided through the established channels:<\/p><ul><li>Email<\/li><li>Ticketing system<\/li><li>Phone (when applicable)<\/li><\/ul><p>Response times may vary depending on the type of service contracted.<\/p><p>\u00a0<\/p><p><strong>Service Suspension<\/strong><\/p><p>Fast Host Services may temporarily suspend service when:<\/p><ul><li>There are security risks<\/li><li>Suspicious activity detected<\/li><li>There is a payment default<\/li><li>The established terms are violated<\/li><\/ul><p>\u00a0<\/p><p><strong>Applicable Legislation<\/strong><\/p><p>These Terms and Conditions are governed by the laws in force in the Republic of Panama.<\/p><p>Any dispute shall be settled before the competent authorities of the country.<\/p><p>\u00a0<\/p><p><strong>Contact<\/strong><\/p><p>For inquiries related to these Terms and Conditions:<\/p><p>Fast Host Services<\/p><p>Address: Panama, Panama City, Calle 51 E, Bella Vista Township, Habitad Plaza Building, 5th Floor, Office 500-3A.<\/p><p>Email: customer_support@fasthost.biz<\/p>\t\t\t\t\t\t\t\t<\/div>\n\t\t\t\t<\/div>\n\t\t\t\t\t<\/div>\n\t\t<\/div>\n\t\t\t\t\t<\/div>\n\t\t<\/section>\n\t\t\t\t<\/div>","protected":false},"excerpt":{"rendered":"<p>T\u00e9rminos y Condiciones \u00daltima actualizaci\u00f3n: 1 de abril del 2026. Aceptaci\u00f3n de los T\u00e9rminos Al contratar o utilizar los servicios ofrecidos por Fast Host Services, el cliente acepta los presentes T\u00e9rminos y Condiciones, as\u00ed como las pol\u00edticas relacionadas con el uso de los servicios tecnol\u00f3gicos ofrecidos. El uso continuo de nuestros servicios implica la aceptaci\u00f3n [&hellip;]<\/p>\n","protected":false},"author":3,"featured_media":0,"parent":0,"menu_order":0,"comment_status":"closed","ping_status":"closed","template":"","meta":{"footnotes":""},"class_list":["post-1214","page","type-page","status-publish","hentry"],"_links":{"self":[{"href":"https:\/\/fasthost.biz\/en\/wp-json\/wp\/v2\/pages\/1214","targetHints":{"allow":["GET"]}}],"collection":[{"href":"https:\/\/fasthost.biz\/en\/wp-json\/wp\/v2\/pages"}],"about":[{"href":"https:\/\/fasthost.biz\/en\/wp-json\/wp\/v2\/types\/page"}],"author":[{"embeddable":true,"href":"https:\/\/fasthost.biz\/en\/wp-json\/wp\/v2\/users\/3"}],"replies":[{"embeddable":true,"href":"https:\/\/fasthost.biz\/en\/wp-json\/wp\/v2\/comments?post=1214"}],"version-history":[{"count":7,"href":"https:\/\/fasthost.biz\/en\/wp-json\/wp\/v2\/pages\/1214\/revisions"}],"predecessor-version":[{"id":1238,"href":"https:\/\/fasthost.biz\/en\/wp-json\/wp\/v2\/pages\/1214\/revisions\/1238"}],"wp:attachment":[{"href":"https:\/\/fasthost.biz\/en\/wp-json\/wp\/v2\/media?parent=1214"}],"curies":[{"name":"wp","href":"https:\/\/api.w.org\/{rel}","templated":true}]}}